{"id":32,"date":"2019-01-25T17:04:12","date_gmt":"2019-01-25T17:04:12","guid":{"rendered":"https:\/\/micromeet.org\/?page_id=32"},"modified":"2025-12-09T18:41:41","modified_gmt":"2025-12-09T18:41:41","slug":"alojamiento","status":"publish","type":"page","link":"https:\/\/micromeet.org\/?page_id=32","title":{"rendered":"Alojamiento Adicional \/ Alojamento Adicional \/ Alternative accommodation"},"content":{"rendered":"\n<p>Para los asistentes que necesitan pernoctar en la zona, sugerimos el Hostal Piquio.<br>Para os participantes que necessitarem pernoitar na zona, sugerimos o Hostal\nPiquio. <\/p>\n\n\n\n<p><strong>Direcci\u00f3n&nbsp;\/&nbsp;Direc\u00e7\u00e3o:<\/strong> Paseo Molino del Rey, 1 &#8211; bajo<\/p>\n\n\n\n<p>28440 GUADARRAMA (Madrid)<\/p>\n\n\n\n<p><strong>Tel\u00e9fono&nbsp;\/ Telefone: <\/strong> 918 541 254 \/ 918 547 572<\/p>\n\n\n\n<p><strong>E-mail:<\/strong><a href=\"mailto:hostalpiquio@hostalpiquio.com\">hostalpiquio@hostalpiquio.com<\/a><\/p>\n\n\n\n<p><strong>Web:<\/strong> https:\/\/www.hostalpiquio.es\/<\/p>\n\n\n\n<figure class=\"wp-block-image\"><img loading=\"lazy\" decoding=\"async\" width=\"1024\" height=\"320\" src=\"https:\/\/micromeet.org\/wp-content\/uploads\/2019\/01\/554781-hostal-restaurante-piquio-banner-1024x320.jpg\" alt=\"\" class=\"wp-image-33\" srcset=\"https:\/\/micromeet.org\/wp-content\/uploads\/2019\/01\/554781-hostal-restaurante-piquio-banner-1024x320.jpg 1024w, https:\/\/micromeet.org\/wp-content\/uploads\/2019\/01\/554781-hostal-restaurante-piquio-banner-300x94.jpg 300w, https:\/\/micromeet.org\/wp-content\/uploads\/2019\/01\/554781-hostal-restaurante-piquio-banner-768x240.jpg 768w, https:\/\/micromeet.org\/wp-content\/uploads\/2019\/01\/554781-hostal-restaurante-piquio-banner-1200x375.jpg 1200w, https:\/\/micromeet.org\/wp-content\/uploads\/2019\/01\/554781-hostal-restaurante-piquio-banner.jpg 1600w\" sizes=\"auto, (max-width: 767px) 89vw, (max-width: 1000px) 54vw, (max-width: 1071px) 543px, 580px\" \/><\/figure>\n","protected":false},"excerpt":{"rendered":"<p>Para los asistentes que necesitan pernoctar en la zona, sugerimos el Hostal Piquio.Para os participantes que necessitarem pernoitar na zona, sugerimos o Hostal Piquio. Direcci\u00f3n&nbsp;\/&nbsp;Direc\u00e7\u00e3o: Paseo Molino del Rey, 1 &#8211; bajo 28440 GUADARRAMA (Madrid) Tel\u00e9fono&nbsp;\/ Telefone: 918 541 254 \/ 918 547 572 E-mail:hostalpiquio@hostalpiquio.com Web: https:\/\/www.hostalpiquio.es\/<\/p>\n","protected":false},"author":1,"featured_media":0,"parent":0,"menu_order":1,"comment_status":"closed","ping_status":"closed","template":"","meta":{"footnotes":""},"class_list":["post-32","page","type-page","status-publish","hentry"],"_links":{"self":[{"href":"https:\/\/micromeet.org\/index.php?rest_route=\/wp\/v2\/pages\/32","targetHints":{"allow":["GET"]}}],"collection":[{"href":"https:\/\/micromeet.org\/index.php?rest_route=\/wp\/v2\/pages"}],"about":[{"href":"https:\/\/micromeet.org\/index.php?rest_route=\/wp\/v2\/types\/page"}],"author":[{"embeddable":true,"href":"https:\/\/micromeet.org\/index.php?rest_route=\/wp\/v2\/users\/1"}],"replies":[{"embeddable":true,"href":"https:\/\/micromeet.org\/index.php?rest_route=%2Fwp%2Fv2%2Fcomments&post=32"}],"version-history":[{"count":12,"href":"https:\/\/micromeet.org\/index.php?rest_route=\/wp\/v2\/pages\/32\/revisions"}],"predecessor-version":[{"id":969,"href":"https:\/\/micromeet.org\/index.php?rest_route=\/wp\/v2\/pages\/32\/revisions\/969"}],"wp:attachment":[{"href":"https:\/\/micromeet.org\/index.php?rest_route=%2Fwp%2Fv2%2Fmedia&parent=32"}],"curies":[{"name":"wp","href":"https:\/\/api.w.org\/{rel}","templated":true}]}}