{"id":18,"date":"2019-01-25T16:47:06","date_gmt":"2019-01-25T16:47:06","guid":{"rendered":"https:\/\/micromeet.org\/?page_id=18"},"modified":"2025-12-09T18:39:14","modified_gmt":"2025-12-09T18:39:14","slug":"horarios","status":"publish","type":"page","link":"https:\/\/micromeet.org\/?page_id=18","title":{"rendered":"Horarios \/ Hor\u00e1rios \/ Timetable"},"content":{"rendered":"\n<p><strong>Viernes 6 marzo<\/strong><br><strong>-Centro de Congresos Fray Luis de Le\u00f3n: <a href=\"https:\/\/micromeet.org\/?page_id=533\" data-type=\"link\" data-id=\"https:\/\/micromeet.org\/?page_id=533\" target=\"_blank\" rel=\"noreferrer noopener\">Localizaci\u00f3n<\/a><br><\/strong><mark style=\"background-color:rgba(0, 0, 0, 0)\" class=\"has-inline-color has-vivid-green-cyan-color\">08:00 Desayuno de los residentes en el Centro de Congresos<\/mark>.<br>08:30 Encuentro en el parking del Centro de Congresos para tomar el autob\u00fas hacia Yebes.<strong><br><\/strong>09:00 Traslado en autob\u00fas hasta el Centro Astron\u00f3mico de Yebes (CAY).<\/p>\n\n\n\n<p><strong>-Centro Astron\u00f3mico de Yebes (CAY)<\/strong><br>10:00 Recepci\u00f3n e identificaci\u00f3n de los Visitantes en la Entrada<br>11:00 Visita guiada al CAY<br>13:00 Traslado en autob\u00fas de vuelta al Centro de Congresos<br><br>&#8211;<strong>Centro de Congresos Fray Luis de Le\u00f3n: <strong><a href=\"https:\/\/micromeet.org\/?page_id=533\" data-type=\"link\" data-id=\"https:\/\/micromeet.org\/?page_id=533\" target=\"_blank\" rel=\"noreferrer noopener\">Localizaci\u00f3n<\/a><\/strong><\/strong><br><mark style=\"background-color:rgba(0, 0, 0, 0)\" class=\"has-inline-color has-vivid-green-cyan-color\">14:30 Comida en el Centro de Congresos<strong><br><\/strong><\/mark>16:30 Charlas<br><mark style=\"background-color:rgba(0, 0, 0, 0)\" class=\"has-inline-color has-vivid-green-cyan-color\">18:00 Coffee Break<br><\/mark>18:30 Charleta, Mediciones.<br><mark style=\"background-color:rgba(0, 0, 0, 0)\" class=\"has-inline-color has-vivid-green-cyan-color\">21:00 Cena en el centro de Congresos.<\/mark><br><\/p>\n\n\n\n<p><strong>S\u00e1bado 7 Marzo<br>-Centro de Congresos Fray Luis de Le\u00f3n: <a href=\"https:\/\/micromeet.org\/?page_id=533\" data-type=\"link\" data-id=\"https:\/\/micromeet.org\/?page_id=533\" target=\"_blank\" rel=\"noreferrer noopener\">Localizaci\u00f3n<\/a><br><\/strong><mark style=\"background-color:rgba(0, 0, 0, 0)\" class=\"has-inline-color has-vivid-green-cyan-color\">08:00 Desayuno de los residentes en el Centro de Congresos<\/mark>.<br>08:30 Apertura puertas.<mark style=\"background-color:rgba(0, 0, 0, 0)\" class=\"has-inline-color has-vivid-green-cyan-color\"><br><\/mark>09:00 Bienvenida a los asistentes.<br>09:15 Charla 1<br>10:05 Charla 2 <br><mark style=\"background-color:rgba(0, 0, 0, 0)\" class=\"has-inline-color has-vivid-green-cyan-color\">10.55 Coffee Break.<br><\/mark>11:25 Charla 3.<br>12:15 <br><mark style=\"background-color:rgba(0, 0, 0, 0)\" class=\"has-inline-color has-vivid-green-cyan-color\">14:15 Comida en el Centro de Congresos<br><\/mark>15:30 Mercadillo.<br>16:30 Desafio Nesverter<br><mark style=\"background-color:rgba(0, 0, 0, 0)\" class=\"has-inline-color has-vivid-green-cyan-color\">18:15 Coffee Break<br><\/mark>18:30 Charleta, Mediciones.<br><mark style=\"background-color:rgba(0, 0, 0, 0)\" class=\"has-inline-color has-vivid-green-cyan-color\">21:00 Cena en el centro de Congresos.<\/mark><\/p>\n\n\n\n<p><\/p>\n\n\n\n<figure class=\"wp-block-image size-large\"><img loading=\"lazy\" decoding=\"async\" width=\"1024\" height=\"768\" src=\"https:\/\/micromeet.org\/wp-content\/uploads\/2024\/01\/photo_2023-03-08_16-46-12-1024x768.jpg\" alt=\"\" class=\"wp-image-665\" srcset=\"https:\/\/micromeet.org\/wp-content\/uploads\/2024\/01\/photo_2023-03-08_16-46-12-1024x768.jpg 1024w, https:\/\/micromeet.org\/wp-content\/uploads\/2024\/01\/photo_2023-03-08_16-46-12-300x225.jpg 300w, https:\/\/micromeet.org\/wp-content\/uploads\/2024\/01\/photo_2023-03-08_16-46-12-768x576.jpg 768w, https:\/\/micromeet.org\/wp-content\/uploads\/2024\/01\/photo_2023-03-08_16-46-12.jpg 1280w\" sizes=\"auto, (max-width: 767px) 89vw, (max-width: 1000px) 54vw, (max-width: 1071px) 543px, 580px\" \/><\/figure>\n","protected":false},"excerpt":{"rendered":"<p>Viernes 6 marzo-Centro de Congresos Fray Luis de Le\u00f3n: Localizaci\u00f3n08:00 Desayuno de los residentes en el Centro de Congresos.08:30 Encuentro en el parking del Centro de Congresos para tomar el autob\u00fas hacia Yebes.09:00 Traslado en autob\u00fas hasta el Centro Astron\u00f3mico de Yebes (CAY). -Centro Astron\u00f3mico de Yebes (CAY)10:00 Recepci\u00f3n e identificaci\u00f3n de los Visitantes en &hellip; <\/p>\n<p class=\"link-more\"><a href=\"https:\/\/micromeet.org\/?page_id=18\" class=\"more-link\">Continuar leyendo<span class=\"screen-reader-text\"> \u00abHorarios \/ Hor\u00e1rios \/ Timetable\u00bb<\/span><\/a><\/p>\n","protected":false},"author":1,"featured_media":0,"parent":0,"menu_order":0,"comment_status":"closed","ping_status":"closed","template":"","meta":{"footnotes":""},"class_list":["post-18","page","type-page","status-publish","hentry"],"_links":{"self":[{"href":"https:\/\/micromeet.org\/index.php?rest_route=\/wp\/v2\/pages\/18","targetHints":{"allow":["GET"]}}],"collection":[{"href":"https:\/\/micromeet.org\/index.php?rest_route=\/wp\/v2\/pages"}],"about":[{"href":"https:\/\/micromeet.org\/index.php?rest_route=\/wp\/v2\/types\/page"}],"author":[{"embeddable":true,"href":"https:\/\/micromeet.org\/index.php?rest_route=\/wp\/v2\/users\/1"}],"replies":[{"embeddable":true,"href":"https:\/\/micromeet.org\/index.php?rest_route=%2Fwp%2Fv2%2Fcomments&post=18"}],"version-history":[{"count":59,"href":"https:\/\/micromeet.org\/index.php?rest_route=\/wp\/v2\/pages\/18\/revisions"}],"predecessor-version":[{"id":964,"href":"https:\/\/micromeet.org\/index.php?rest_route=\/wp\/v2\/pages\/18\/revisions\/964"}],"wp:attachment":[{"href":"https:\/\/micromeet.org\/index.php?rest_route=%2Fwp%2Fv2%2Fmedia&parent=18"}],"curies":[{"name":"wp","href":"https:\/\/api.w.org\/{rel}","templated":true}]}}